{"id":483,"date":"2018-05-14T14:30:10","date_gmt":"2018-05-14T17:30:10","guid":{"rendered":"http:\/\/www.penhavidros.com.br\/?page_id=483"},"modified":"2018-10-18T09:31:46","modified_gmt":"2018-10-18T12:31:46","slug":"pedido-de-orcamento","status":"publish","type":"page","link":"https:\/\/www.penhavidros.com.br\/novo\/pedido-de-orcamento\/","title":{"rendered":"Pedido de Or\u00e7amento"},"content":{"rendered":"<div role=\"form\" class=\"wpcf7\" id=\"wpcf7-f482-o1\" lang=\"pt-BR\" dir=\"ltr\">\n<div class=\"screen-reader-response\"><p role=\"status\" aria-live=\"polite\" aria-atomic=\"true\"><\/p> <ul><\/ul><\/div>\n<form action=\"\/novo\/wp-json\/wp\/v2\/pages\/483#wpcf7-f482-o1\" method=\"post\" class=\"wpcf7-form init\" enctype=\"multipart\/form-data\" novalidate=\"novalidate\" data-status=\"init\">\n<div style=\"display: none;\">\n<input type=\"hidden\" name=\"_wpcf7\" value=\"482\" \/>\n<input type=\"hidden\" name=\"_wpcf7_version\" value=\"5.4.2\" \/>\n<input type=\"hidden\" name=\"_wpcf7_locale\" value=\"pt_BR\" \/>\n<input type=\"hidden\" name=\"_wpcf7_unit_tag\" value=\"wpcf7-f482-o1\" \/>\n<input type=\"hidden\" name=\"_wpcf7_container_post\" value=\"0\" \/>\n<input type=\"hidden\" name=\"_wpcf7_posted_data_hash\" value=\"\" \/>\n<\/div>\n<h3>PEDIDO DE OR\u00c7AMENTO<\/h3>\n<p>Nome Completo*<br \/>\n<span class=\"wpcf7-form-control-wrap your-name\"><input type=\"text\" name=\"your-name\" value=\"\" size=\"40\" class=\"wpcf7-form-control wpcf7-text wpcf7-validates-as-required\" aria-required=\"true\" aria-invalid=\"false\" \/><\/span><br \/>\nE-mail*<br \/>\n<span class=\"wpcf7-form-control-wrap your-email\"><input type=\"email\" name=\"your-email\" value=\"\" size=\"40\" class=\"wpcf7-form-control wpcf7-text wpcf7-email wpcf7-validates-as-required wpcf7-validates-as-email\" aria-required=\"true\" aria-invalid=\"false\" \/><\/span><br \/>\nEndere\u00e7o da Instala\u00e7\u00e3o*<br \/>\n<span class=\"wpcf7-form-control-wrap address\"><input type=\"text\" name=\"address\" value=\"\" size=\"40\" class=\"wpcf7-form-control wpcf7-text wpcf7-validates-as-required\" aria-required=\"true\" aria-invalid=\"false\" \/><\/span><br \/>\nTelefone*<br \/>\n<span class=\"wpcf7-form-control-wrap phone\"><input type=\"tel\" name=\"phone\" value=\"\" size=\"40\" class=\"wpcf7-form-control wpcf7-text wpcf7-tel wpcf7-validates-as-required wpcf7-validates-as-tel\" aria-required=\"true\" aria-invalid=\"false\" \/><\/span><br \/>\nMensagem*<br \/>\n<span class=\"wpcf7-form-control-wrap your-message\"><textarea name=\"your-message\" cols=\"40\" rows=\"10\" class=\"wpcf7-form-control wpcf7-textarea wpcf7-validates-as-required\" aria-required=\"true\" aria-invalid=\"false\"><\/textarea><\/span><br \/>\nAnexo<br \/>\n<span class=\"wpcf7-form-control-wrap anexo\"><input type=\"file\" name=\"anexo\" size=\"40\" class=\"wpcf7-form-control wpcf7-file\" accept=\".txt,.rtf,.pdf,.jpg,.png,.jpeg,.gif,.doc,.docx,.xls,.xml,.zip,.tar,.rar,.7z,.gz,.xlsx,.csv\" aria-invalid=\"false\" \/><\/span><br \/>\n<input type=\"submit\" value=\"Enviar\" class=\"wpcf7-form-control wpcf7-submit\" \/><\/p>\n<div class=\"wpcf7-response-output\" aria-hidden=\"true\"><\/div><\/form><\/div>\n","protected":false},"excerpt":{"rendered":"","protected":false},"author":3,"featured_media":0,"parent":0,"menu_order":0,"comment_status":"open","ping_status":"open","template":"template-full.php","meta":[],"yoast_head":"<!-- This site is optimized with the Yoast SEO plugin v15.0 - https:\/\/yoast.com\/wordpress\/plugins\/seo\/ -->\n<title>Pedido de Or\u00e7amento | Penha Vidros<\/title>\n<meta name=\"description\" content=\"Realize conosco o seu pedido de or\u00e7amento para vidros.\" \/>\n<meta name=\"robots\" content=\"index, follow, max-snippet:-1, max-image-preview:large, max-video-preview:-1\" \/>\n<link rel=\"canonical\" href=\"https:\/\/www.penhavidros.com.br\/novo\/pedido-de-orcamento\/\" \/>\n<meta property=\"og:locale\" content=\"pt_BR\" \/>\n<meta property=\"og:type\" content=\"article\" \/>\n<meta property=\"og:title\" content=\"Pedido de Or\u00e7amento | Penha Vidros\" \/>\n<meta property=\"og:description\" content=\"Realize conosco o seu pedido de or\u00e7amento para vidros.\" \/>\n<meta property=\"og:url\" content=\"https:\/\/www.penhavidros.com.br\/novo\/pedido-de-orcamento\/\" \/>\n<meta property=\"og:site_name\" content=\"Penha Vidros\" \/>\n<meta property=\"article:modified_time\" content=\"2018-10-18T12:31:46+00:00\" \/>\n<meta property=\"og:image\" content=\"https:\/\/www.penhavidros.com.br\/novo\/wp-content\/uploads\/2014\/11\/penha-vidros_3.png\" \/>\n\t<meta property=\"og:image:width\" content=\"230\" \/>\n\t<meta property=\"og:image:height\" content=\"142\" \/>\n<script type=\"application\/ld+json\" class=\"yoast-schema-graph\">{\"@context\":\"https:\/\/schema.org\",\"@graph\":[{\"@type\":\"WebSite\",\"@id\":\"https:\/\/www.penhavidros.com.br\/novo\/#website\",\"url\":\"https:\/\/www.penhavidros.com.br\/novo\/\",\"name\":\"Penha Vidros\",\"description\":\"Com\\u00e9rcio e Distribuidora de Vidros Especiais\",\"potentialAction\":[{\"@type\":\"SearchAction\",\"target\":\"https:\/\/www.penhavidros.com.br\/novo\/?s={search_term_string}\",\"query-input\":\"required name=search_term_string\"}],\"inLanguage\":\"pt-BR\"},{\"@type\":\"WebPage\",\"@id\":\"https:\/\/www.penhavidros.com.br\/novo\/pedido-de-orcamento\/#webpage\",\"url\":\"https:\/\/www.penhavidros.com.br\/novo\/pedido-de-orcamento\/\",\"name\":\"Pedido de Or\\u00e7amento | Penha Vidros\",\"isPartOf\":{\"@id\":\"https:\/\/www.penhavidros.com.br\/novo\/#website\"},\"datePublished\":\"2018-05-14T17:30:10+00:00\",\"dateModified\":\"2018-10-18T12:31:46+00:00\",\"description\":\"Realize conosco o seu pedido de or\\u00e7amento para vidros.\",\"inLanguage\":\"pt-BR\",\"potentialAction\":[{\"@type\":\"ReadAction\",\"target\":[\"https:\/\/www.penhavidros.com.br\/novo\/pedido-de-orcamento\/\"]}]}]}<\/script>\n<!-- \/ Yoast SEO plugin. -->","_links":{"self":[{"href":"https:\/\/www.penhavidros.com.br\/novo\/wp-json\/wp\/v2\/pages\/483"}],"collection":[{"href":"https:\/\/www.penhavidros.com.br\/novo\/wp-json\/wp\/v2\/pages"}],"about":[{"href":"https:\/\/www.penhavidros.com.br\/novo\/wp-json\/wp\/v2\/types\/page"}],"author":[{"embeddable":true,"href":"https:\/\/www.penhavidros.com.br\/novo\/wp-json\/wp\/v2\/users\/3"}],"replies":[{"embeddable":true,"href":"https:\/\/www.penhavidros.com.br\/novo\/wp-json\/wp\/v2\/comments?post=483"}],"version-history":[{"count":3,"href":"https:\/\/www.penhavidros.com.br\/novo\/wp-json\/wp\/v2\/pages\/483\/revisions"}],"predecessor-version":[{"id":486,"href":"https:\/\/www.penhavidros.com.br\/novo\/wp-json\/wp\/v2\/pages\/483\/revisions\/486"}],"wp:attachment":[{"href":"https:\/\/www.penhavidros.com.br\/novo\/wp-json\/wp\/v2\/media?parent=483"}],"curies":[{"name":"wp","href":"https:\/\/api.w.org\/{rel}","templated":true}]}}