{"id":361,"date":"2014-03-13T11:47:30","date_gmt":"2014-03-13T14:47:30","guid":{"rendered":"http:\/\/www.penhavidros.com.br\/novo\/?page_id=361"},"modified":"2018-10-18T09:29:11","modified_gmt":"2018-10-18T12:29:11","slug":"trabalhe-conosco","status":"publish","type":"page","link":"https:\/\/www.penhavidros.com.br\/novo\/trabalhe-conosco\/","title":{"rendered":"Trabalhe Conosco"},"content":{"rendered":"<div role=\"form\" class=\"wpcf7\" id=\"wpcf7-f360-o1\" lang=\"pt-BR\" dir=\"ltr\">\n<div class=\"screen-reader-response\"><p role=\"status\" aria-live=\"polite\" aria-atomic=\"true\"><\/p> <ul><\/ul><\/div>\n<form action=\"\/novo\/wp-json\/wp\/v2\/pages\/361#wpcf7-f360-o1\" method=\"post\" class=\"wpcf7-form init\" novalidate=\"novalidate\" data-status=\"init\">\n<div style=\"display: none;\">\n<input type=\"hidden\" name=\"_wpcf7\" value=\"360\" \/>\n<input type=\"hidden\" name=\"_wpcf7_version\" value=\"5.4.2\" \/>\n<input type=\"hidden\" name=\"_wpcf7_locale\" value=\"pt_BR\" \/>\n<input type=\"hidden\" name=\"_wpcf7_unit_tag\" value=\"wpcf7-f360-o1\" \/>\n<input type=\"hidden\" name=\"_wpcf7_container_post\" value=\"0\" \/>\n<input type=\"hidden\" name=\"_wpcf7_posted_data_hash\" value=\"\" \/>\n<\/div>\n<h3>DADOS PESSOAIS<\/h3>\n<p>Nome<br \/>\n<span class=\"wpcf7-form-control-wrap your-name\"><input type=\"text\" name=\"your-name\" value=\"\" size=\"70\" class=\"wpcf7-form-control wpcf7-text wpcf7-validates-as-required\" aria-required=\"true\" aria-invalid=\"false\" \/><\/span><br \/>\nE-mail<br \/>\n<span class=\"wpcf7-form-control-wrap your-email\"><input type=\"email\" name=\"your-email\" value=\"\" size=\"70\" class=\"wpcf7-form-control wpcf7-text wpcf7-email wpcf7-validates-as-required wpcf7-validates-as-email\" aria-required=\"true\" aria-invalid=\"false\" \/><\/span><br \/>\nTelefone<br \/>\n<span class=\"wpcf7-form-control-wrap Telefone\"><input type=\"text\" name=\"Telefone\" value=\"\" size=\"20\" class=\"wpcf7-form-control wpcf7-text wpcf7-validates-as-required\" aria-required=\"true\" aria-invalid=\"false\" \/><\/span><br \/>\nEndere\u00e7o<br \/>\n<span class=\"wpcf7-form-control-wrap Endereco\"><input type=\"text\" name=\"Endereco\" value=\"\" size=\"80\" class=\"wpcf7-form-control wpcf7-text\" aria-invalid=\"false\" \/><\/span><br \/>\nCEP<br \/>\n<span class=\"wpcf7-form-control-wrap CEP\"><input type=\"text\" name=\"CEP\" value=\"00000-000\" size=\"10\" maxlength=\"9\" class=\"wpcf7-form-control wpcf7-text wpcf7-validates-as-required\" aria-required=\"true\" aria-invalid=\"false\" \/><\/span><br \/>\nCidade \/ Estado<br \/>\n<span class=\"wpcf7-form-control-wrap CidadeEstado\"><input type=\"text\" name=\"CidadeEstado\" value=\"\" size=\"40\" class=\"wpcf7-form-control wpcf7-text wpcf7-validates-as-required\" aria-required=\"true\" aria-invalid=\"false\" \/><\/span><br \/>\nSexo<br \/>\n<span class=\"wpcf7-form-control-wrap sexo\"><select name=\"sexo\" class=\"wpcf7-form-control wpcf7-select\" aria-invalid=\"false\"><option value=\"\">---<\/option><option value=\"Feminino\">Feminino<\/option><option value=\"Masculino\">Masculino<\/option><\/select><\/span><\/p>\n<p>Data de Nascimento<br \/>\n<span class=\"wpcf7-form-control-wrap nascimento\"><input type=\"text\" name=\"nascimento\" value=\"DD\/MM\/AAAA\" size=\"10\" maxlength=\"9\" class=\"wpcf7-form-control wpcf7-text wpcf7-validates-as-required\" aria-required=\"true\" aria-invalid=\"false\" \/><\/span><\/p>\n<h3>FILIA\u00c7\u00c3O<\/h3>\n<p>Nome do Pai<br \/>\n<span class=\"wpcf7-form-control-wrap pai\"><input type=\"text\" name=\"pai\" value=\"\" size=\"80\" class=\"wpcf7-form-control wpcf7-text\" aria-invalid=\"false\" \/><\/span><br \/>\nNome da M\u00e3e<br \/>\n<span class=\"wpcf7-form-control-wrap mae\"><input type=\"text\" name=\"mae\" value=\"\" size=\"80\" class=\"wpcf7-form-control wpcf7-text\" aria-invalid=\"false\" \/><\/span><\/p>\n<p>Possui conhecidos na empresa?<br \/>\n<span class=\"wpcf7-form-control-wrap conhecidos\"><select name=\"conhecidos\" class=\"wpcf7-form-control wpcf7-select\" aria-invalid=\"false\"><option value=\"\">---<\/option><option value=\"sim\">sim<\/option><option value=\"n\u00e3o\">n\u00e3o<\/option><\/select><\/span><\/p>\n<p>1\u00ba Nome<br \/>\n<span class=\"wpcf7-form-control-wrap nome1\"><input type=\"text\" name=\"nome1\" value=\"\" size=\"80\" class=\"wpcf7-form-control wpcf7-text\" aria-invalid=\"false\" \/><\/span><br \/>\n2\u00ba Nome<br \/>\n<span class=\"wpcf7-form-control-wrap nome2\"><input type=\"text\" name=\"nome2\" value=\"\" size=\"80\" class=\"wpcf7-form-control wpcf7-text\" aria-invalid=\"false\" \/><\/span><\/p>\n<h3>DADOS PROFISSIONAIS<\/h3>\n<p>Voc\u00ea j\u00e1 trabalhou em alguma empresa do segmento de vidro?<\/p>\n<p><span class=\"wpcf7-form-control-wrap trabalhou\"><select name=\"trabalhou\" class=\"wpcf7-form-control wpcf7-select\" aria-invalid=\"false\"><option value=\"\">---<\/option><option value=\"sim\">sim<\/option><option value=\"n\u00e3o\">n\u00e3o<\/option><\/select><\/span><br \/>\nEmpresa<br \/>\n<span class=\"wpcf7-form-control-wrap Empresa\"><input type=\"text\" name=\"Empresa\" value=\"\" size=\"80\" class=\"wpcf7-form-control wpcf7-text\" aria-invalid=\"false\" \/><\/span><br \/>\nPer\u00edodo<br \/>\n<span class=\"wpcf7-form-control-wrap perdido1\"><input type=\"text\" name=\"perdido1\" value=\"\" size=\"5\" class=\"wpcf7-form-control wpcf7-text\" aria-invalid=\"false\" \/><\/span> a <span class=\"wpcf7-form-control-wrap perdido2\"><input type=\"text\" name=\"perdido2\" value=\"\" size=\"5\" class=\"wpcf7-form-control wpcf7-text\" aria-invalid=\"false\" \/><\/span><br \/>\nExperi\u00eancia profissional<br \/>\n<span class=\"wpcf7-form-control-wrap experiencia1\"><textarea name=\"experiencia1\" cols=\"40\" rows=\"10\" class=\"wpcf7-form-control wpcf7-textarea\" aria-invalid=\"false\"><\/textarea><\/span><br \/>\nForma\u00e7\u00e3o Acad\u00eamica<br \/>\n<span class=\"wpcf7-form-control-wrap formacao1\"><input type=\"text\" name=\"formacao1\" value=\"\" size=\"40\" class=\"wpcf7-form-control wpcf7-text\" aria-invalid=\"false\" \/><\/span><br \/>\nFormado em<br \/>\n<span class=\"wpcf7-form-control-wrap formadoem\"><input type=\"text\" name=\"formadoem\" value=\"\" size=\"40\" class=\"wpcf7-form-control wpcf7-text\" aria-invalid=\"false\" \/><\/span><br \/>\nOutros cursos<br \/>\n<span class=\"wpcf7-form-control-wrap Outroscursos\"><textarea name=\"Outroscursos\" cols=\"40\" rows=\"10\" class=\"wpcf7-form-control wpcf7-textarea\" aria-invalid=\"false\"><\/textarea><\/span><\/p>\n<h3>IDIOMAS<\/h3>\n<p>Ingl\u00eas<br \/>\n<span class=\"wpcf7-form-control-wrap Ingles\"><select name=\"Ingles\" class=\"wpcf7-form-control wpcf7-select\" aria-invalid=\"false\"><option value=\"\">---<\/option><option value=\"b\u00e1sico\">b\u00e1sico<\/option><option value=\"intermedi\u00e1rio\">intermedi\u00e1rio<\/option><option value=\"avan\u00e7ado\">avan\u00e7ado<\/option><\/select><\/span><br \/>\nEspanhol<br \/>\n<span class=\"wpcf7-form-control-wrap espanhol\"><select name=\"espanhol\" class=\"wpcf7-form-control wpcf7-select\" aria-invalid=\"false\"><option value=\"\">---<\/option><option value=\"b\u00e1sico\">b\u00e1sico<\/option><option value=\"intermedi\u00e1rio\">intermedi\u00e1rio<\/option><option value=\"avan\u00e7ado\">avan\u00e7ado<\/option><\/select><\/span><br \/>\nOutra L\u00edngua<br \/>\n<span class=\"wpcf7-form-control-wrap outralingua1\"><input type=\"text\" name=\"outralingua1\" value=\"\" size=\"45\" class=\"wpcf7-form-control wpcf7-text\" aria-invalid=\"false\" \/><\/span><br \/>\n<span class=\"wpcf7-form-control-wrap outralingua\"><select name=\"outralingua\" class=\"wpcf7-form-control wpcf7-select\" aria-invalid=\"false\"><option value=\"\">---<\/option><option value=\"b\u00e1sico\">b\u00e1sico<\/option><option value=\"intermedi\u00e1rio\">intermedi\u00e1rio<\/option><option value=\"avan\u00e7ado\">avan\u00e7ado<\/option><\/select><\/span><\/p>\n<p>\u00c1rea de Prefer\u00eancia<br \/>\n<span class=\"wpcf7-form-control-wrap readePreferncia\"><input type=\"text\" name=\"readePreferncia\" value=\"\" size=\"45\" class=\"wpcf7-form-control wpcf7-text\" aria-invalid=\"false\" \/><\/span><\/p>\n<p>Considera\u00e7\u00f5es Gerais<br \/>\n    <span class=\"wpcf7-form-control-wrap your-message\"><textarea name=\"your-message\" cols=\"40\" rows=\"10\" class=\"wpcf7-form-control wpcf7-textarea\" aria-invalid=\"false\"><\/textarea><\/span> <\/p>\n<p><input type=\"submit\" value=\"Enviar\" class=\"wpcf7-form-control wpcf7-submit\" \/><\/p>\n<div class=\"wpcf7-response-output\" aria-hidden=\"true\"><\/div><\/form><\/div>\n","protected":false},"excerpt":{"rendered":"","protected":false},"author":3,"featured_media":0,"parent":0,"menu_order":0,"comment_status":"open","ping_status":"open","template":"template-full.php","meta":[],"yoast_head":"<!-- This site is optimized with the Yoast SEO plugin v15.0 - https:\/\/yoast.com\/wordpress\/plugins\/seo\/ -->\n<title>Trabalhe Conosco | Penha Vidros<\/title>\n<meta name=\"robots\" content=\"index, follow, max-snippet:-1, max-image-preview:large, max-video-preview:-1\" \/>\n<link rel=\"canonical\" href=\"https:\/\/www.penhavidros.com.br\/novo\/trabalhe-conosco\/\" \/>\n<meta property=\"og:locale\" content=\"pt_BR\" \/>\n<meta property=\"og:type\" content=\"article\" \/>\n<meta property=\"og:title\" content=\"Trabalhe Conosco | Penha Vidros\" \/>\n<meta property=\"og:url\" content=\"https:\/\/www.penhavidros.com.br\/novo\/trabalhe-conosco\/\" \/>\n<meta property=\"og:site_name\" content=\"Penha Vidros\" \/>\n<meta property=\"article:modified_time\" content=\"2018-10-18T12:29:11+00:00\" \/>\n<meta property=\"og:image\" content=\"https:\/\/www.penhavidros.com.br\/novo\/wp-content\/uploads\/2014\/11\/penha-vidros_3.png\" \/>\n\t<meta property=\"og:image:width\" content=\"230\" \/>\n\t<meta property=\"og:image:height\" content=\"142\" \/>\n<script type=\"application\/ld+json\" class=\"yoast-schema-graph\">{\"@context\":\"https:\/\/schema.org\",\"@graph\":[{\"@type\":\"WebSite\",\"@id\":\"https:\/\/www.penhavidros.com.br\/novo\/#website\",\"url\":\"https:\/\/www.penhavidros.com.br\/novo\/\",\"name\":\"Penha Vidros\",\"description\":\"Com\\u00e9rcio e Distribuidora de Vidros Especiais\",\"potentialAction\":[{\"@type\":\"SearchAction\",\"target\":\"https:\/\/www.penhavidros.com.br\/novo\/?s={search_term_string}\",\"query-input\":\"required name=search_term_string\"}],\"inLanguage\":\"pt-BR\"},{\"@type\":\"WebPage\",\"@id\":\"https:\/\/www.penhavidros.com.br\/novo\/trabalhe-conosco\/#webpage\",\"url\":\"https:\/\/www.penhavidros.com.br\/novo\/trabalhe-conosco\/\",\"name\":\"Trabalhe Conosco | Penha Vidros\",\"isPartOf\":{\"@id\":\"https:\/\/www.penhavidros.com.br\/novo\/#website\"},\"datePublished\":\"2014-03-13T14:47:30+00:00\",\"dateModified\":\"2018-10-18T12:29:11+00:00\",\"inLanguage\":\"pt-BR\",\"potentialAction\":[{\"@type\":\"ReadAction\",\"target\":[\"https:\/\/www.penhavidros.com.br\/novo\/trabalhe-conosco\/\"]}]}]}<\/script>\n<!-- \/ Yoast SEO plugin. -->","_links":{"self":[{"href":"https:\/\/www.penhavidros.com.br\/novo\/wp-json\/wp\/v2\/pages\/361"}],"collection":[{"href":"https:\/\/www.penhavidros.com.br\/novo\/wp-json\/wp\/v2\/pages"}],"about":[{"href":"https:\/\/www.penhavidros.com.br\/novo\/wp-json\/wp\/v2\/types\/page"}],"author":[{"embeddable":true,"href":"https:\/\/www.penhavidros.com.br\/novo\/wp-json\/wp\/v2\/users\/3"}],"replies":[{"embeddable":true,"href":"https:\/\/www.penhavidros.com.br\/novo\/wp-json\/wp\/v2\/comments?post=361"}],"version-history":[{"count":1,"href":"https:\/\/www.penhavidros.com.br\/novo\/wp-json\/wp\/v2\/pages\/361\/revisions"}],"predecessor-version":[{"id":362,"href":"https:\/\/www.penhavidros.com.br\/novo\/wp-json\/wp\/v2\/pages\/361\/revisions\/362"}],"wp:attachment":[{"href":"https:\/\/www.penhavidros.com.br\/novo\/wp-json\/wp\/v2\/media?parent=361"}],"curies":[{"name":"wp","href":"https:\/\/api.w.org\/{rel}","templated":true}]}}