{"id":314,"date":"2014-03-12T10:59:39","date_gmt":"2014-03-12T13:59:39","guid":{"rendered":"http:\/\/www.penhavidros.com.br\/novo\/?page_id=314"},"modified":"2024-09-24T17:22:49","modified_gmt":"2024-09-24T20:22:49","slug":"contato","status":"publish","type":"page","link":"https:\/\/www.penhavidros.com.br\/novo\/contato\/","title":{"rendered":"Contato"},"content":{"rendered":"<p><iframe src=\"https:\/\/maps.google.com.br\/maps?client=firefox-a&amp;channel=fflb&amp;q=R+dos+Italianos+453+-+Bom+Retiro+-+S%C3%A3o+Paulo&amp;ie=UTF8&amp;hq=&amp;hnear=Rua+dos+Italianos,+453+-+Bom+Retiro,+S%C3%A3o+Paulo&amp;ll=-23.525781,-46.643213&amp;spn=0.004132,0.007489&amp;t=m&amp;z=14&amp;output=embed\" width=\"800\" height=\"250\" frameborder=\"0\" marginwidth=\"0\" marginheight=\"0\" scrolling=\"no\"><\/iframe><br \/>\n<span style=\"color: #ffffff;\"><small><a style=\"color: #4c7d6c; text-align: center;\" href=\"https:\/\/maps.google.com.br\/maps?client=firefox-a&amp;channel=fflb&amp;q=R+dos+Italianos+453+-+Bom+Retiro+-+S%C3%A3o+Paulo&amp;ie=UTF8&amp;hq=&amp;hnear=Rua+dos+Italianos,+453+-+Bom+Retiro,+S%C3%A3o+Paulo&amp;ll=-23.525781,-46.643213&amp;spn=0.004132,0.007489&amp;t=m&amp;z=14&amp;source=embed\"><span style=\"color: #ffffff;\">Exibir mapa ampliado<\/span><\/a><\/small><\/span><\/p>\n<hr \/>\n<div class=\"one_half\">\n<h3>Endere\u00e7o:<\/h3>\n<p>Rua dos Italianos, 453<br \/>\nBom Retiro. CEP: 01131-000<br \/>\nS\u00e3o Paulo \u2013 SP<\/p>\n<h3>Telefone<\/h3>\n<p>(11) 3225-3713<\/p>\n<p>(11) 99678-0382<\/p>\n<p>contato@penhavidros.com.br<br \/>\n<\/div>\n<div class=\"one_half_last\">\n<h3>Hor\u00e1rio de Funcionamento:<\/h3>\n<p>Segunda \u00e0 Quinta &#8211; 07:30 \u00e0s 12:00 e 13:15 \u00e0s 17:40<br \/>\nSexta &#8211; 07:30 \u00e0s 12:00 e 13:15 \u00e0s 17:00<\/p>\n<div role=\"form\" class=\"wpcf7\" id=\"wpcf7-f313-o1\" lang=\"pt-BR\" dir=\"ltr\">\n<div class=\"screen-reader-response\"><p role=\"status\" aria-live=\"polite\" aria-atomic=\"true\"><\/p> <ul><\/ul><\/div>\n<form action=\"\/novo\/wp-json\/wp\/v2\/pages\/314#wpcf7-f313-o1\" method=\"post\" class=\"wpcf7-form init\" novalidate=\"novalidate\" data-status=\"init\">\n<div style=\"display: none;\">\n<input type=\"hidden\" name=\"_wpcf7\" value=\"313\" \/>\n<input type=\"hidden\" name=\"_wpcf7_version\" value=\"5.4.2\" \/>\n<input type=\"hidden\" name=\"_wpcf7_locale\" value=\"pt_BR\" \/>\n<input type=\"hidden\" name=\"_wpcf7_unit_tag\" value=\"wpcf7-f313-o1\" \/>\n<input type=\"hidden\" name=\"_wpcf7_container_post\" value=\"0\" \/>\n<input type=\"hidden\" name=\"_wpcf7_posted_data_hash\" value=\"\" \/>\n<\/div>\n<p>Nome*<br \/>\n    <span class=\"wpcf7-form-control-wrap your-name\"><input type=\"text\" name=\"your-name\" value=\"\" size=\"40\" class=\"wpcf7-form-control wpcf7-text wpcf7-validates-as-required\" aria-required=\"true\" aria-invalid=\"false\" \/><\/span><br \/>\nE-mail*<br \/>\n    <span class=\"wpcf7-form-control-wrap your-email\"><input type=\"email\" name=\"your-email\" value=\"\" size=\"40\" class=\"wpcf7-form-control wpcf7-text wpcf7-email wpcf7-validates-as-required wpcf7-validates-as-email\" aria-required=\"true\" aria-invalid=\"false\" \/><\/span><br \/>\nTelefone*<br \/>\n<span class=\"wpcf7-form-control-wrap telefone\"><input type=\"text\" name=\"telefone\" value=\"\" size=\"40\" class=\"wpcf7-form-control wpcf7-text wpcf7-validates-as-required\" aria-required=\"true\" aria-invalid=\"false\" \/><\/span><br \/>\nAssunto<br \/>\n    <span class=\"wpcf7-form-control-wrap your-subject\"><input type=\"text\" name=\"your-subject\" value=\"\" size=\"40\" class=\"wpcf7-form-control wpcf7-text\" aria-invalid=\"false\" \/><\/span><br \/>\nMensagem<br \/>\n    <span class=\"wpcf7-form-control-wrap your-message\"><textarea name=\"your-message\" cols=\"40\" rows=\"10\" class=\"wpcf7-form-control wpcf7-textarea\" aria-invalid=\"false\"><\/textarea><\/span><br \/>\n<input type=\"submit\" value=\"Enviar\" class=\"wpcf7-form-control wpcf7-submit\" \/><\/p>\n<div class=\"wpcf7-response-output\" aria-hidden=\"true\"><\/div><\/form><\/div>\n<\/div><div class=\"clear\"><\/div>\n","protected":false},"excerpt":{"rendered":"<p>Exibir mapa ampliado<\/p>\n","protected":false},"author":3,"featured_media":0,"parent":0,"menu_order":0,"comment_status":"open","ping_status":"open","template":"template-full.php","meta":[],"yoast_head":"<!-- This site is optimized with the Yoast SEO plugin v15.0 - https:\/\/yoast.com\/wordpress\/plugins\/seo\/ -->\n<title>Entre em Contato<\/title>\n<meta name=\"description\" content=\"Entre em contato com a Penha Vidros\" \/>\n<meta name=\"robots\" content=\"index, follow, max-snippet:-1, max-image-preview:large, max-video-preview:-1\" \/>\n<link rel=\"canonical\" href=\"https:\/\/www.penhavidros.com.br\/novo\/contato\/\" \/>\n<meta property=\"og:locale\" content=\"pt_BR\" \/>\n<meta property=\"og:type\" content=\"article\" \/>\n<meta property=\"og:title\" content=\"Entre em Contato\" \/>\n<meta property=\"og:description\" content=\"Entre em contato com a Penha Vidros\" \/>\n<meta property=\"og:url\" content=\"https:\/\/www.penhavidros.com.br\/novo\/contato\/\" \/>\n<meta property=\"og:site_name\" content=\"Penha Vidros\" \/>\n<meta property=\"article:modified_time\" content=\"2024-09-24T20:22:49+00:00\" \/>\n<meta property=\"og:image\" content=\"https:\/\/www.penhavidros.com.br\/novo\/wp-content\/uploads\/2014\/11\/penha-vidros_3.png\" \/>\n\t<meta property=\"og:image:width\" content=\"230\" \/>\n\t<meta property=\"og:image:height\" content=\"142\" \/>\n<script type=\"application\/ld+json\" class=\"yoast-schema-graph\">{\"@context\":\"https:\/\/schema.org\",\"@graph\":[{\"@type\":\"WebSite\",\"@id\":\"https:\/\/www.penhavidros.com.br\/novo\/#website\",\"url\":\"https:\/\/www.penhavidros.com.br\/novo\/\",\"name\":\"Penha Vidros\",\"description\":\"Com\\u00e9rcio e Distribuidora de Vidros Especiais\",\"potentialAction\":[{\"@type\":\"SearchAction\",\"target\":\"https:\/\/www.penhavidros.com.br\/novo\/?s={search_term_string}\",\"query-input\":\"required name=search_term_string\"}],\"inLanguage\":\"pt-BR\"},{\"@type\":\"WebPage\",\"@id\":\"https:\/\/www.penhavidros.com.br\/novo\/contato\/#webpage\",\"url\":\"https:\/\/www.penhavidros.com.br\/novo\/contato\/\",\"name\":\"Entre em Contato\",\"isPartOf\":{\"@id\":\"https:\/\/www.penhavidros.com.br\/novo\/#website\"},\"datePublished\":\"2014-03-12T13:59:39+00:00\",\"dateModified\":\"2024-09-24T20:22:49+00:00\",\"description\":\"Entre em contato com a Penha Vidros\",\"inLanguage\":\"pt-BR\",\"potentialAction\":[{\"@type\":\"ReadAction\",\"target\":[\"https:\/\/www.penhavidros.com.br\/novo\/contato\/\"]}]}]}<\/script>\n<!-- \/ Yoast SEO plugin. -->","_links":{"self":[{"href":"https:\/\/www.penhavidros.com.br\/novo\/wp-json\/wp\/v2\/pages\/314"}],"collection":[{"href":"https:\/\/www.penhavidros.com.br\/novo\/wp-json\/wp\/v2\/pages"}],"about":[{"href":"https:\/\/www.penhavidros.com.br\/novo\/wp-json\/wp\/v2\/types\/page"}],"author":[{"embeddable":true,"href":"https:\/\/www.penhavidros.com.br\/novo\/wp-json\/wp\/v2\/users\/3"}],"replies":[{"embeddable":true,"href":"https:\/\/www.penhavidros.com.br\/novo\/wp-json\/wp\/v2\/comments?post=314"}],"version-history":[{"count":39,"href":"https:\/\/www.penhavidros.com.br\/novo\/wp-json\/wp\/v2\/pages\/314\/revisions"}],"predecessor-version":[{"id":800,"href":"https:\/\/www.penhavidros.com.br\/novo\/wp-json\/wp\/v2\/pages\/314\/revisions\/800"}],"wp:attachment":[{"href":"https:\/\/www.penhavidros.com.br\/novo\/wp-json\/wp\/v2\/media?parent=314"}],"curies":[{"name":"wp","href":"https:\/\/api.w.org\/{rel}","templated":true}]}}