{"id":30,"date":"2014-02-28T15:11:50","date_gmt":"2014-02-28T15:11:50","guid":{"rendered":"http:\/\/site1393340684.provisorio.ws\/novo\/?page_id=30"},"modified":"2018-10-18T09:33:34","modified_gmt":"2018-10-18T12:33:34","slug":"empresa","status":"publish","type":"page","link":"https:\/\/www.penhavidros.com.br\/novo\/empresa\/","title":{"rendered":"Empresa"},"content":{"rendered":"<p><img loading=\"lazy\" class=\"aligncenter size-full wp-image-335\" src=\"http:\/\/site1393340684.provisorio.ws\/novo\/wp-content\/uploads\/2014\/02\/empresa.jpg\" alt=\"empresa\" width=\"800\" height=\"200\" srcset=\"https:\/\/www.penhavidros.com.br\/novo\/wp-content\/uploads\/2014\/02\/empresa.jpg 800w, https:\/\/www.penhavidros.com.br\/novo\/wp-content\/uploads\/2014\/02\/empresa-300x75.jpg 300w, https:\/\/www.penhavidros.com.br\/novo\/wp-content\/uploads\/2014\/02\/empresa-575x143.jpg 575w\" sizes=\"(max-width: 800px) 100vw, 800px\" \/><\/p>\n<p style=\"text-align: justify;\">A Penha Vidros \u00e9 uma empresa com mais de 70 anos de tradi\u00e7\u00e3o e credibilidade, que optou por n\u00e3o se acomodar no mercado. Em vez disso, aproveitou sua experi\u00eancia para se aperfei\u00e7oar constantemente, buscando as mais inovadoras tecnologias mundiais de envidra\u00e7amento e formando um time competente e qualificado de profissionais para oferecer produtos e servi\u00e7os diferenciados.<\/p>\n<p style=\"text-align: justify;\">Atualmente, vem se destacando no segmento de desenvolvimento e instala\u00e7\u00e3o de projetos estruturais em vidros, apoiando os principais escrit\u00f3rios de arquitetura e construtoras do Pa\u00eds. Tamb\u00e9m atua como representante dos principais fabricantes de vidros brasileiros, disponibilizando as mais recentes novidades mundiais nesse segmento.<\/p>\n","protected":false},"excerpt":{"rendered":"<p>A Penha Vidros \u00e9 uma empresa com mais de 70 anos de tradi\u00e7\u00e3o e credibilidade, que optou por n\u00e3o se acomodar no mercado. Em vez disso, aproveitou sua experi\u00eancia para se aperfei\u00e7oar constantemente, buscando as mais inovadoras tecnologias mundiais de envidra\u00e7amento e formando um time competente e qualificado de profissionais [&hellip;]<\/p>\n","protected":false},"author":3,"featured_media":0,"parent":0,"menu_order":0,"comment_status":"open","ping_status":"open","template":"template-full.php","meta":[],"yoast_head":"<!-- This site is optimized with the Yoast SEO plugin v15.0 - https:\/\/yoast.com\/wordpress\/plugins\/seo\/ -->\n<title>Empresa | Penha Vidros<\/title>\n<meta name=\"description\" content=\"A Penha Vidros atualmente, \u00e9 l\u00edder nacional no desenvolvimento e instala\u00e7\u00e3o de projetos estruturais em vidros, apoiando os principais escrit\u00f3rios.\" \/>\n<meta name=\"robots\" content=\"index, follow, max-snippet:-1, max-image-preview:large, max-video-preview:-1\" \/>\n<link rel=\"canonical\" href=\"https:\/\/www.penhavidros.com.br\/novo\/empresa\/\" \/>\n<meta property=\"og:locale\" content=\"pt_BR\" \/>\n<meta property=\"og:type\" content=\"article\" \/>\n<meta property=\"og:title\" content=\"Empresa | Penha Vidros\" \/>\n<meta property=\"og:description\" content=\"A Penha Vidros atualmente, \u00e9 l\u00edder nacional no desenvolvimento e instala\u00e7\u00e3o de projetos estruturais em vidros, apoiando os principais escrit\u00f3rios.\" \/>\n<meta property=\"og:url\" content=\"https:\/\/www.penhavidros.com.br\/novo\/empresa\/\" \/>\n<meta property=\"og:site_name\" content=\"Penha Vidros\" \/>\n<meta property=\"article:modified_time\" content=\"2018-10-18T12:33:34+00:00\" \/>\n<meta property=\"og:image\" content=\"http:\/\/site1393340684.provisorio.ws\/novo\/wp-content\/uploads\/2014\/02\/empresa.jpg\" \/>\n<script type=\"application\/ld+json\" class=\"yoast-schema-graph\">{\"@context\":\"https:\/\/schema.org\",\"@graph\":[{\"@type\":\"WebSite\",\"@id\":\"https:\/\/www.penhavidros.com.br\/novo\/#website\",\"url\":\"https:\/\/www.penhavidros.com.br\/novo\/\",\"name\":\"Penha Vidros\",\"description\":\"Com\\u00e9rcio e Distribuidora de Vidros Especiais\",\"potentialAction\":[{\"@type\":\"SearchAction\",\"target\":\"https:\/\/www.penhavidros.com.br\/novo\/?s={search_term_string}\",\"query-input\":\"required name=search_term_string\"}],\"inLanguage\":\"pt-BR\"},{\"@type\":\"ImageObject\",\"@id\":\"https:\/\/www.penhavidros.com.br\/novo\/empresa\/#primaryimage\",\"inLanguage\":\"pt-BR\",\"url\":\"http:\/\/site1393340684.provisorio.ws\/novo\/wp-content\/uploads\/2014\/02\/empresa.jpg\"},{\"@type\":\"WebPage\",\"@id\":\"https:\/\/www.penhavidros.com.br\/novo\/empresa\/#webpage\",\"url\":\"https:\/\/www.penhavidros.com.br\/novo\/empresa\/\",\"name\":\"Empresa | Penha Vidros\",\"isPartOf\":{\"@id\":\"https:\/\/www.penhavidros.com.br\/novo\/#website\"},\"primaryImageOfPage\":{\"@id\":\"https:\/\/www.penhavidros.com.br\/novo\/empresa\/#primaryimage\"},\"datePublished\":\"2014-02-28T15:11:50+00:00\",\"dateModified\":\"2018-10-18T12:33:34+00:00\",\"description\":\"A Penha Vidros atualmente, \\u00e9 l\\u00edder nacional no desenvolvimento e instala\\u00e7\\u00e3o de projetos estruturais em vidros, apoiando os principais escrit\\u00f3rios.\",\"inLanguage\":\"pt-BR\",\"potentialAction\":[{\"@type\":\"ReadAction\",\"target\":[\"https:\/\/www.penhavidros.com.br\/novo\/empresa\/\"]}]}]}<\/script>\n<!-- \/ Yoast SEO plugin. -->","_links":{"self":[{"href":"https:\/\/www.penhavidros.com.br\/novo\/wp-json\/wp\/v2\/pages\/30"}],"collection":[{"href":"https:\/\/www.penhavidros.com.br\/novo\/wp-json\/wp\/v2\/pages"}],"about":[{"href":"https:\/\/www.penhavidros.com.br\/novo\/wp-json\/wp\/v2\/types\/page"}],"author":[{"embeddable":true,"href":"https:\/\/www.penhavidros.com.br\/novo\/wp-json\/wp\/v2\/users\/3"}],"replies":[{"embeddable":true,"href":"https:\/\/www.penhavidros.com.br\/novo\/wp-json\/wp\/v2\/comments?post=30"}],"version-history":[{"count":9,"href":"https:\/\/www.penhavidros.com.br\/novo\/wp-json\/wp\/v2\/pages\/30\/revisions"}],"predecessor-version":[{"id":544,"href":"https:\/\/www.penhavidros.com.br\/novo\/wp-json\/wp\/v2\/pages\/30\/revisions\/544"}],"wp:attachment":[{"href":"https:\/\/www.penhavidros.com.br\/novo\/wp-json\/wp\/v2\/media?parent=30"}],"curies":[{"name":"wp","href":"https:\/\/api.w.org\/{rel}","templated":true}]}}