{"id":2,"date":"2014-02-27T13:05:41","date_gmt":"2014-02-27T13:05:41","guid":{"rendered":"http:\/\/site1393340684.provisorio.ws\/novo\/?page_id=2"},"modified":"2024-04-03T14:54:31","modified_gmt":"2024-04-03T17:54:31","slug":"pagina-exemplo","status":"publish","type":"page","link":"https:\/\/www.penhavidros.com.br\/novo\/","title":{"rendered":"Penha Vidros"},"content":{"rendered":"<p>H\u00c1 MAIS DE 75 ANOS PROJETANDO E INSTALANDO VIDROS COM TECNOLOGIA E QUALIDADE<\/p>\n","protected":false},"excerpt":{"rendered":"<p>H\u00c1 MAIS DE 75 ANOS PROJETANDO E INSTALANDO VIDROS COM TECNOLOGIA E QUALIDADE<\/p>\n","protected":false},"author":3,"featured_media":0,"parent":0,"menu_order":0,"comment_status":"closed","ping_status":"open","template":"template-homepage.php","meta":[],"yoast_head":"<!-- This site is optimized with the Yoast SEO plugin v15.0 - https:\/\/yoast.com\/wordpress\/plugins\/seo\/ -->\n<title>Penha Vidros | Com\u00e9rcio e Distribui\u00e7\u00e3o de Vidros<\/title>\n<meta name=\"description\" content=\"Com\u00e9rcio de vidros, distribui\u00e7\u00e3o, desenvolvimento de projetos e instala\u00e7\u00e3o de fachadas de vidros mais modernas e arrojadas do pa\u00eds.\" \/>\n<meta name=\"robots\" content=\"index, follow, max-snippet:-1, max-image-preview:large, max-video-preview:-1\" \/>\n<link rel=\"canonical\" href=\"https:\/\/www.penhavidros.com.br\/novo\/\" \/>\n<meta property=\"og:locale\" content=\"pt_BR\" \/>\n<meta property=\"og:type\" content=\"article\" \/>\n<meta property=\"og:title\" content=\"Penha Vidros | Com\u00e9rcio e Distribui\u00e7\u00e3o de Vidros\" \/>\n<meta property=\"og:description\" content=\"Com\u00e9rcio de vidros, distribui\u00e7\u00e3o, desenvolvimento de projetos e instala\u00e7\u00e3o de fachadas de vidros mais modernas e arrojadas do pa\u00eds.\" \/>\n<meta property=\"og:url\" content=\"https:\/\/www.penhavidros.com.br\/novo\/\" \/>\n<meta property=\"og:site_name\" content=\"Penha Vidros\" \/>\n<meta property=\"article:modified_time\" content=\"2024-04-03T17:54:31+00:00\" \/>\n<meta property=\"og:image\" content=\"https:\/\/www.penhavidros.com.br\/novo\/wp-content\/uploads\/2014\/11\/penha-vidros_3.png\" \/>\n\t<meta property=\"og:image:width\" content=\"230\" \/>\n\t<meta property=\"og:image:height\" content=\"142\" \/>\n<script type=\"application\/ld+json\" class=\"yoast-schema-graph\">{\"@context\":\"https:\/\/schema.org\",\"@graph\":[{\"@type\":\"WebSite\",\"@id\":\"https:\/\/www.penhavidros.com.br\/novo\/#website\",\"url\":\"https:\/\/www.penhavidros.com.br\/novo\/\",\"name\":\"Penha Vidros\",\"description\":\"Com\\u00e9rcio e Distribuidora de Vidros Especiais\",\"potentialAction\":[{\"@type\":\"SearchAction\",\"target\":\"https:\/\/www.penhavidros.com.br\/novo\/?s={search_term_string}\",\"query-input\":\"required name=search_term_string\"}],\"inLanguage\":\"pt-BR\"},{\"@type\":\"WebPage\",\"@id\":\"https:\/\/www.penhavidros.com.br\/novo\/#webpage\",\"url\":\"https:\/\/www.penhavidros.com.br\/novo\/\",\"name\":\"Penha Vidros | Com\\u00e9rcio e Distribui\\u00e7\\u00e3o de Vidros\",\"isPartOf\":{\"@id\":\"https:\/\/www.penhavidros.com.br\/novo\/#website\"},\"datePublished\":\"2014-02-27T13:05:41+00:00\",\"dateModified\":\"2024-04-03T17:54:31+00:00\",\"description\":\"Com\\u00e9rcio de vidros, distribui\\u00e7\\u00e3o, desenvolvimento de projetos e instala\\u00e7\\u00e3o de fachadas de vidros mais modernas e arrojadas do pa\\u00eds.\",\"inLanguage\":\"pt-BR\",\"potentialAction\":[{\"@type\":\"ReadAction\",\"target\":[\"https:\/\/www.penhavidros.com.br\/novo\/\"]}]}]}<\/script>\n<!-- \/ Yoast SEO plugin. -->","_links":{"self":[{"href":"https:\/\/www.penhavidros.com.br\/novo\/wp-json\/wp\/v2\/pages\/2"}],"collection":[{"href":"https:\/\/www.penhavidros.com.br\/novo\/wp-json\/wp\/v2\/pages"}],"about":[{"href":"https:\/\/www.penhavidros.com.br\/novo\/wp-json\/wp\/v2\/types\/page"}],"author":[{"embeddable":true,"href":"https:\/\/www.penhavidros.com.br\/novo\/wp-json\/wp\/v2\/users\/3"}],"replies":[{"embeddable":true,"href":"https:\/\/www.penhavidros.com.br\/novo\/wp-json\/wp\/v2\/comments?post=2"}],"version-history":[{"count":46,"href":"https:\/\/www.penhavidros.com.br\/novo\/wp-json\/wp\/v2\/pages\/2\/revisions"}],"predecessor-version":[{"id":792,"href":"https:\/\/www.penhavidros.com.br\/novo\/wp-json\/wp\/v2\/pages\/2\/revisions\/792"}],"wp:attachment":[{"href":"https:\/\/www.penhavidros.com.br\/novo\/wp-json\/wp\/v2\/media?parent=2"}],"curies":[{"name":"wp","href":"https:\/\/api.w.org\/{rel}","templated":true}]}}